{"id":275,"date":"2015-01-06T12:00:18","date_gmt":"2015-01-06T11:00:18","guid":{"rendered":"http:\/\/rassembler-avenir-stfp.fr\/?page_id=275"},"modified":"2016-11-17T00:54:44","modified_gmt":"2016-11-16T23:54:44","slug":"lobsrpa","status":"publish","type":"page","link":"http:\/\/rassembler-avenir-stfp.fr\/index.php\/lobsrpa\/","title":{"rendered":"L&rsquo;Obs&rsquo; RPA"},"content":{"rendered":"<p><a href=\"http:\/\/rassembler-avenir-stfp.fr\/wp-content\/uploads\/2015\/01\/loupe-3d.jpg\"><img loading=\"lazy\" decoding=\"async\" class=\"alignnone size-medium wp-image-453\" src=\"http:\/\/rassembler-avenir-stfp.fr\/wp-content\/uploads\/2015\/01\/loupe-3d-294x300.jpg\" alt=\"loupe-3d\" width=\"294\" height=\"300\" srcset=\"http:\/\/rassembler-avenir-stfp.fr\/wp-content\/uploads\/2015\/01\/loupe-3d-294x300.jpg 294w, http:\/\/rassembler-avenir-stfp.fr\/wp-content\/uploads\/2015\/01\/loupe-3d-45x45.jpg 45w, http:\/\/rassembler-avenir-stfp.fr\/wp-content\/uploads\/2015\/01\/loupe-3d.jpg 640w\" sizes=\"auto, (max-width: 294px) 100vw, 294px\" \/><\/a><\/p>\n<p><span lang=\"EN-GB\">Cher(e)s F\u00e9r\u00e9opontain(e)s,<\/span><\/p>\n<p>R\u00e9guli\u00e8rement lors de nos rencontres, vous nous interpellez pour avoir des nouvelles de notre commune et pour avoir confirmation d\u2019informations qui, quelques fois ne sont que de simples rumeurs pas toujours exactes.<\/p>\n<p>Cet \u00e9change fructueux, nous vous proposons de le poursuivre et de l\u2019amplifier.<\/p>\n<p><b>Pour cela, une bo\u00eete mail existe : <\/b><b><span style=\"text-decoration: underline;\"><a href=\"mailto:veille.rpa@gmail.com\" target=\"_blank\">veille.rpa@gmail.com<\/a><\/span><\/b> . Elle vous permet de nous transmettre toutes les informations dont vous \u00eates t\u00e9moins, concernant l\u2019\u00e9tat et la vie de la commune et cela dans tous les domaines\u00a0: urbanisme, environnement, \u00e9ducation, vie d\u00e9mocratique, etc&#8230;<\/p>\n<p>Pour notre part, nous nous chargeons de les v\u00e9rifier et de les mettre \u00e0 disposition de l\u2019ensemble des F\u00e9r\u00e9opontains. Nous pouvons ainsi partager ces informations factuelles incontestables.<\/p>\n<p>D\u00e8s que vous le jugez utile, il vous suffit donc de nous transmettre votre information par mail <b><span style=\"text-decoration: underline;\"><a href=\"mailto:veille.rpa@gmail.com\" target=\"_blank\">veille.rpa@gmail.com<\/a><\/span><\/b>. Vous recevrez alors un accus\u00e9 de r\u00e9ception pr\u00e9cisant si n\u00e9cessaire la v\u00e9racit\u00e9 de votre renseignement.<\/p>\n<p>Une fois v\u00e9rifi\u00e9e avec le plus grand soin, l&rsquo;information sera <b><span style=\"text-decoration: underline;\">int\u00e9gr\u00e9e dans le tableau ci-dessous,<\/span><\/b> mis \u00e0 jour r\u00e9guli\u00e8rement.<\/p>\n<hr \/>\n<h2 style=\"text-align: center;\">\u00a0<a href=\"http:\/\/rassembler-avenir-stfp.fr\/wp-content\/uploads\/2015\/01\/Tableau-Infos-au-15-novembre-2016.pdf\" target=\"_blank\" rel=\"\">Tableau infos au 15 novembre 2016<\/a><\/h2>\n<p>&nbsp;<\/p>\n","protected":false},"excerpt":{"rendered":"<p>Cher(e)s F\u00e9r\u00e9opontain(e)s, R\u00e9guli\u00e8rement lors de nos rencontres, vous nous interpellez pour avoir des nouvelles de notre commune et pour avoir confirmation d\u2019informations qui, quelques fois ne sont que de simples rumeurs pas toujours exactes. Cet \u00e9change fructueux, nous vous proposons de le poursuivre et de l\u2019amplifier. Pour cela, une bo\u00eete mail existe : veille.rpa@gmail.com . Elle vous permet de nous<\/p>\n","protected":false},"author":14,"featured_media":0,"parent":0,"menu_order":0,"comment_status":"open","ping_status":"open","template":"","meta":{"_monsterinsights_skip_tracking":false,"_monsterinsights_sitenote_active":false,"_monsterinsights_sitenote_note":"","_monsterinsights_sitenote_category":0,"footnotes":""},"class_list":["post-275","page","type-page","status-publish","hentry"],"aioseo_notices":[],"_links":{"self":[{"href":"http:\/\/rassembler-avenir-stfp.fr\/index.php\/wp-json\/wp\/v2\/pages\/275","targetHints":{"allow":["GET"]}}],"collection":[{"href":"http:\/\/rassembler-avenir-stfp.fr\/index.php\/wp-json\/wp\/v2\/pages"}],"about":[{"href":"http:\/\/rassembler-avenir-stfp.fr\/index.php\/wp-json\/wp\/v2\/types\/page"}],"author":[{"embeddable":true,"href":"http:\/\/rassembler-avenir-stfp.fr\/index.php\/wp-json\/wp\/v2\/users\/14"}],"replies":[{"embeddable":true,"href":"http:\/\/rassembler-avenir-stfp.fr\/index.php\/wp-json\/wp\/v2\/comments?post=275"}],"version-history":[{"count":42,"href":"http:\/\/rassembler-avenir-stfp.fr\/index.php\/wp-json\/wp\/v2\/pages\/275\/revisions"}],"predecessor-version":[{"id":1307,"href":"http:\/\/rassembler-avenir-stfp.fr\/index.php\/wp-json\/wp\/v2\/pages\/275\/revisions\/1307"}],"wp:attachment":[{"href":"http:\/\/rassembler-avenir-stfp.fr\/index.php\/wp-json\/wp\/v2\/media?parent=275"}],"curies":[{"name":"wp","href":"https:\/\/api.w.org\/{rel}","templated":true}]}}