{"id":136,"date":"2014-05-22T20:32:24","date_gmt":"2014-05-22T18:32:24","guid":{"rendered":"http:\/\/rassembler-avenir-stfp.fr\/?page_id=136"},"modified":"2014-11-23T18:51:31","modified_gmt":"2014-11-23T17:51:31","slug":"notre-association","status":"publish","type":"page","link":"http:\/\/rassembler-avenir-stfp.fr\/index.php\/notre-association\/","title":{"rendered":"Notre association"},"content":{"rendered":"<p style=\"text-align: justify;\"><strong>L&rsquo;Association \u00ab\u00a0Rassembler pour l&rsquo;Avenir\u00a0\u00bb est une association pluri-politique<\/strong> qui rassemble toutes les personnes partageant les valeurs de d\u00e9mocratie participative et r\u00e9publicaine. Attach\u00e9e \u00e0 aucun parti, elle se veut constructive et \u00e0 l\u2019\u00e9coute de tous les F\u00e9r\u00e9opontains.<\/p>\n<p style=\"text-align: justify;\">L&rsquo;id\u00e9e est n\u00e9e le soir du 23 mars 2014. Quelques co-listiers de la liste \u00ab\u00a0Avec vous, R\u00e9ussir l&rsquo;Avenir\u00a0\u00bb ont eu l&rsquo;envie de ne pas abandonner les plus de 2.500 f\u00e9r\u00e9opontains qui avaient formul\u00e9s leurs confiances \u00e0 Lionel Walker et sa liste.<\/p>\n<p style=\"text-align: center;\"><strong>Nos objectifs<\/strong><\/p>\n<ul>\n<li>Informer l\u2019ensemble des f\u00e9r\u00e9opontains sur les d\u00e9cisions municipales<\/li>\n<li>Analyser et d\u00e9crypter ces orientations ainsi que leurs cons\u00e9quences\u00a0 sur l&rsquo;avenir de la commune et de ses habitants<\/li>\n<li>\u00catre un outil d&rsquo;alerte citoyenne, recueillant puis diffusant des informations r\u00e9guli\u00e8res<\/li>\n<li>Promouvoir la solidarit\u00e9, l\u2019engagement social<\/li>\n<li>Proposer des actions pour d\u00e9fendre les acquis de ces 19 derni\u00e8res ann\u00e9es dans les domaines du d\u00e9veloppement \u00e9conomique, du social, de l&rsquo;environnement, du culturel, de l\u2019associatif, des sports, de l\u2019\u00e9ducatif ou de la politique en faveur de la jeunesse et des s\u00e9niors.<\/li>\n<li>Contribuer \u00e0 la vie de la cit\u00e9 en toute s\u00e9r\u00e9nit\u00e9<\/li>\n<\/ul>\n<p>L&rsquo;Association ne se veut pas \u00ab\u00a0revancharde\u00a0\u00bb mais attentive aux actions et choix de la nouvelle municipalit\u00e9.<\/p>\n<p>&nbsp;<\/p>\n<p><strong>Depuis sa cr\u00e9ation, Rassembler pour l\u2019Avenir a ainsi pu alerter les habitants de St Fargeau Ponthierry des premiers choix de la nouvelle municipalit\u00e9. Par exemple <\/strong>:<\/p>\n<ul>\n<li>Etranglement de la ferme p\u00e9dagogique Fermembul<\/li>\n<li>D\u00e9mant\u00e8lement de l\u2019Observatoire du Service Public.<\/li>\n<li>Office du Tourisme menac\u00e9<\/li>\n<li>Augmentation de 48% des indemnit\u00e9s des \u00e9lus<\/li>\n<li>Menaces sur la section Danse de l\u2019EMMDT (\u00c9cole Municipale de Musiques, Danses et Th\u00e9\u00e2tre)<\/li>\n<li>Nouveaux temps p\u00e9riscolaires qui oublient le rythme de l\u2019enfant<\/li>\n<li>Atmosph\u00e8re d\u00e9l\u00e9t\u00e8re des conseils municipaux<\/li>\n<\/ul>\n<p>&nbsp;<\/p>\n<p><strong>\u00ab\u00a0Rassembler pour l\u2019Avenir\u00a0\u00bb est ouverte \u00e0 tous ceux qui refusent de voir d\u00e9manteler tout ce qui fait de St Fargeau Ponthierry une ville attrayante, dynamique, sportive, respectueuse de chacun. <\/strong><\/p>\n<p>&nbsp;<\/p>\n<p style=\"text-align: center;\"><span style=\"text-decoration: underline;\">Toute la vie de l\u2019association, ses actions, ses prises de positions, sont \u00e0 retrouver<\/span><\/p>\n<ul>\n<li style=\"text-align: center;\">sur ce site <a href=\"http:\/\/rassembler-avenir-stfp.fr\/\">http:\/\/rassembler-avenir-stfp.fr\/<\/a><\/li>\n<li style=\"text-align: center;\">et sur notre page Facebook <a href=\"https:\/\/www.facebook.com\/rassembleravenirstfp\">https:\/\/www.facebook.com\/rassembleravenirstfp<\/a><\/li>\n<\/ul>\n","protected":false},"excerpt":{"rendered":"<p>L&rsquo;Association \u00ab\u00a0Rassembler pour l&rsquo;Avenir\u00a0\u00bb est une association pluri-politique qui rassemble toutes les personnes partageant les valeurs de d\u00e9mocratie participative et r\u00e9publicaine. Attach\u00e9e \u00e0 aucun parti, elle se veut constructive et \u00e0 l\u2019\u00e9coute de tous les F\u00e9r\u00e9opontains. L&rsquo;id\u00e9e est n\u00e9e le soir du 23 mars 2014. Quelques co-listiers de la liste \u00ab\u00a0Avec vous, R\u00e9ussir l&rsquo;Avenir\u00a0\u00bb ont eu l&rsquo;envie de ne pas<\/p>\n","protected":false},"author":14,"featured_media":0,"parent":0,"menu_order":0,"comment_status":"open","ping_status":"open","template":"","meta":{"_monsterinsights_skip_tracking":false,"_monsterinsights_sitenote_active":false,"_monsterinsights_sitenote_note":"","_monsterinsights_sitenote_category":0,"footnotes":""},"class_list":["post-136","page","type-page","status-publish","hentry"],"aioseo_notices":[],"_links":{"self":[{"href":"http:\/\/rassembler-avenir-stfp.fr\/index.php\/wp-json\/wp\/v2\/pages\/136","targetHints":{"allow":["GET"]}}],"collection":[{"href":"http:\/\/rassembler-avenir-stfp.fr\/index.php\/wp-json\/wp\/v2\/pages"}],"about":[{"href":"http:\/\/rassembler-avenir-stfp.fr\/index.php\/wp-json\/wp\/v2\/types\/page"}],"author":[{"embeddable":true,"href":"http:\/\/rassembler-avenir-stfp.fr\/index.php\/wp-json\/wp\/v2\/users\/14"}],"replies":[{"embeddable":true,"href":"http:\/\/rassembler-avenir-stfp.fr\/index.php\/wp-json\/wp\/v2\/comments?post=136"}],"version-history":[{"count":5,"href":"http:\/\/rassembler-avenir-stfp.fr\/index.php\/wp-json\/wp\/v2\/pages\/136\/revisions"}],"predecessor-version":[{"id":255,"href":"http:\/\/rassembler-avenir-stfp.fr\/index.php\/wp-json\/wp\/v2\/pages\/136\/revisions\/255"}],"wp:attachment":[{"href":"http:\/\/rassembler-avenir-stfp.fr\/index.php\/wp-json\/wp\/v2\/media?parent=136"}],"curies":[{"name":"wp","href":"https:\/\/api.w.org\/{rel}","templated":true}]}}